{"id":7842,"date":"2016-07-29T11:39:59","date_gmt":"2016-07-29T09:39:59","guid":{"rendered":"http:\/\/www.adagliosementi.com\/?page_id=7842"},"modified":"2025-10-02T11:04:28","modified_gmt":"2025-10-02T09:04:28","slug":"contactez-nous","status":"publish","type":"page","link":"https:\/\/www.adagliosementi.com\/fr\/contactez-nous\/","title":{"rendered":"Contactez-nous"},"content":{"rendered":"<p>[vc_row equal_height=\u00a0\u00bbyes\u00a0\u00bb content_placement=\u00a0\u00bbmiddle\u00a0\u00bb css=\u00a0\u00bb.vc_custom_1584440667339{padding-top: 60px !important;padding-bottom: 20px !important;background-position: center !important;background-repeat: no-repeat !important;background-size: contain !important;}\u00a0\u00bb el_class=\u00a0\u00bbreverse-columns\u00a0\u00bb][vc_column css=\u00a0\u00bb.vc_custom_1470217365575{padding-top: 0px !important;}\u00a0\u00bb offset=\u00a0\u00bbvc_col-lg-6 vc_col-md-6&Prime;][vc_single_image image=\u00a0\u00bb7846&Prime; img_size=\u00a0\u00bb700&#215;1050&Prime; onclick=\u00a0\u00bblink_image\u00a0\u00bb][\/vc_column][vc_column css_animation=\u00a0\u00bbfadeInRight\u00a0\u00bb css=\u00a0\u00bb.vc_custom_1582047643203{padding-top: 0px !important;}\u00a0\u00bb offset=\u00a0\u00bbvc_col-lg-6 vc_col-md-6&Prime;][vc_custom_heading text=\u00a0\u00bbINFORMATION &amp;\u00a0\u00bb font_container=\u00a0\u00bbtag:h2|font_size:14|text_align:left|color:%23275914&Prime; google_fonts=\u00a0\u00bbfont_family:Lato%3A100%2C100italic%2C300%2C300italic%2Cregular%2Citalic%2C700%2C700italic%2C900%2C900italic|font_style:900%20bold%20regular%3A900%3Anormal\u00a0\u00bb css=\u00a0\u00bb.vc_custom_1594640746506{padding-left: 30px !important;}\u00a0\u00bb][vc_custom_heading text=\u00a0\u00bbCONTACTS\u00a0\u00bb font_container=\u00a0\u00bbtag:h2|font_size:36|text_align:left|color:%2350ac49&Prime; google_fonts=\u00a0\u00bbfont_family:Lato%3A100%2C100italic%2C300%2C300italic%2Cregular%2Citalic%2C700%2C700italic%2C900%2C900italic|font_style:900%20bold%20regular%3A900%3Anormal\u00a0\u00bb css=\u00a0\u00bb.vc_custom_1594640757638{padding-left: 30px !important;}\u00a0\u00bb][vc_column_text css=\u00a0\u00bb.vc_custom_1594640767376{margin-bottom: 25px !important;padding-left: 30px !important;}\u00a0\u00bb]<\/p>\n<p style=\"text-align: left; font-size: 22px; color: #bed154;\">ADAGLIO SEMENTI Srl<\/p>\n<p>[\/vc_column_text]<div id=\"mpc_accordion-769d28ee5e2963\" class=\"mpc-accordion mpc-init mpc-transition mpc-accordion--toggle \" ><ul class=\"mpc-accordion__content\"><li class=\"mpc-accordion__item \"><div class=\"mpc-accordion-item__heading mpc-transition mpc-active mpc-typography--default\"><div data-id=\"mpc_icon-4969d28ee5e2932\" class=\"mpc-icon mpc-init mpc-transition mpc-effect-fade mpc-icon-hover \"><div class=\"mpc-icon-wrap\"><i class=\"mpc-icon-part mpc-regular mpc-transition  eti eti_circle-empty\"><\/i><i class=\"mpc-icon-part mpc-hover mpc-transition  eti eti_circle-slelected\"><\/i><\/div><\/div><h3>QUARTIER G\u00c9N\u00c9RAL<\/h3><\/div><div class=\"mpc-accordion-item__content mpc-container\"  data-active=\"true\"><div class=\"mpc-accordion-item__wrapper\">[vc_column_text]Borgo S. Giovanni, 16\/A<br \/>\n15026 &#8211; Oviglio (AL)<\/p>\n<p><span style=\"color: #50ac49; font-weight: bold;\">TEL.<\/span>:\u00a0+39 0131 776459<br \/>\n<span style=\"color: #50ac49; font-weight: bold;\">TEL.<\/span>:\u00a0+39 0131 776232<br \/>\n<span style=\"color: #50ac49; font-weight: bold;\">FAX<\/span>:\u00a0+39 0131 776472<br \/>\n<span style=\"color: #50ac49; font-weight: bold;\">EMAIL<\/span>:\u00a0info@adagliosementi.com<\/p>\n<p>P.IVA e C.F. 01958560060<br \/>\nR.E.A. DI AL 214042[\/vc_column_text]<\/div><\/div><\/li><li class=\"mpc-accordion__item \"><div class=\"mpc-accordion-item__heading mpc-transition mpc-typography--default\"><div data-id=\"mpc_icon-4969d28ee5e2932\" class=\"mpc-icon mpc-init mpc-transition mpc-effect-fade mpc-icon-hover \"><div class=\"mpc-icon-wrap\"><i class=\"mpc-icon-part mpc-regular mpc-transition  eti eti_circle-empty\"><\/i><i class=\"mpc-icon-part mpc-hover mpc-transition  eti eti_circle-slelected\"><\/i><\/div><\/div><h3>ORGANIGRAMME D'ENTREPRISE<\/h3><\/div><div class=\"mpc-accordion-item__content mpc-container\" ><div class=\"mpc-accordion-item__wrapper\">[vc_column_text]BUREAUX<\/p>\n<p><span style=\"font-weight: bold; color: #50ac49;\">DIREZIONE GENERALE<\/span>: Pier Luigi ADAGLIO<br \/>\n<span style=\"color: #50ac49; font-weight: bold;\">ESTERO CONTABILIT\u00c0<\/span>: Dott.ssa Cinzia LAGUZZI<br \/>\n<span style=\"color: #50ac49; font-weight: bold;\">RESPONSABILE CERTIFICAZIONE SEMENTI<\/span>: Per. Agr. Paolo VIARENGO, Dott.ssa Paola VIZIO<br \/>\n<span style=\"color: #50ac49; font-weight: bold;\">COMUNICAZIONE &amp; MARKETING<\/span>: Dott. Lorenzo ADAGLIO<\/p>\n<p>ENTREP\u00d4T<\/p>\n<p><span style=\"color: #50ac49; font-weight: bold;\">ASSISTENZA TECNICA<\/span>: Per. Agr. Filippo ADAGLIO, Per. Agr. Paolo VIARENGO<br \/>\n<span style=\"color: #50ac49; font-weight: bold;\">RESP. SELEZIONE<\/span>: Sig. Mohamed AFFAOUI<br \/>\n<span style=\"color: #50ac49; font-weight: bold;\">ASSISTENTE SELEZIONE<\/span>: Sig. Domenico PREITI, Sig. Emanuele DE CHIRICO[\/vc_column_text]<\/div><\/div><\/li><li class=\"mpc-accordion__item \"><div class=\"mpc-accordion-item__heading mpc-transition mpc-typography--default\"><div data-id=\"mpc_icon-4969d28ee5e2932\" class=\"mpc-icon mpc-init mpc-transition mpc-effect-fade mpc-icon-hover \"><div class=\"mpc-icon-wrap\"><i class=\"mpc-icon-part mpc-regular mpc-transition  eti eti_circle-empty\"><\/i><i class=\"mpc-icon-part mpc-hover mpc-transition  eti eti_circle-slelected\"><\/i><\/div><\/div><h3>R\u00c9SEAU COMMERCIAL<\/h3><\/div><div class=\"mpc-accordion-item__content mpc-container\" ><div class=\"mpc-accordion-item__wrapper\">[vc_row_inner][vc_column_inner width=\u00a0\u00bb1\/2&Prime;][vc_column_text]<strong><span style=\"color: #50ac49;\">PIEMONTE<\/span><\/strong><br \/>\nSig. Danilo PASCHETTA<br \/>\nCell. 346 6942439<\/p>\n<p><strong><span style=\"color: #50ac49;\">LOMBARDIA<\/span><\/strong><br \/>\nPer. Agr. Alfredo BALESTRERI<br \/>\nCell. 339 1624076<\/p>\n<p><strong><span style=\"color: #50ac49;\">VENETO \/ FRIULI<\/span><\/strong><br \/>\nSig. Paolo BASSO<br \/>\nCell. 334 6003066<\/p>\n<p><span style=\"color: #50ac49;\"><strong>EMILIA ROMAGNA<\/strong><\/span><br \/>\nSig. Luca MUSI<br \/>\nCell. 348 2289732<br \/>\n<small>(Reggio Emilia, Piacenza, Bologna)<\/small><\/p>\n<p><strong><span style=\"color: #50ac49;\">LAZIO<\/span><\/strong><br \/>\nAgrotecnico Attilio CENTOLA<br \/>\nCell. 335 8709598<\/p>\n<p><strong><span style=\"color: #50ac49;\">CALABRIA<\/span><\/strong><br \/>\nSig. Tommaso SALERNO<br \/>\nCell. 335 6073391[\/vc_column_text][\/vc_column_inner][vc_column_inner width=\u00a0\u00bb1\/2&Prime;][vc_column_text]<strong><span style=\"color: #50ac49;\">TOSCANA<\/span><\/strong><br \/>\nPer. Agr. Filippo ADAGLIO<br \/>\nCell. 340 8215181<\/p>\n<p><span style=\"color: #50ac49;\"><strong>UMBRIA<\/strong><\/span><br \/>\nDott. Franco MARINELLI<br \/>\nCell. 337 651433<\/p>\n<p><strong><span style=\"color: #50ac49;\">MARCHE \/ ABRUZZO<\/span><\/strong><br \/>\nSig.ra Maria Angela VALENTINI<br \/>\nCell. 336 649370<\/p>\n<p><span style=\"color: #50ac49;\"><strong>MOLISE<\/strong><\/span><br \/>\nDott. Amedeo PECA<br \/>\nCell. 345 1429660<\/p>\n<p><strong><span style=\"color: #50ac49;\">CAMPANIA<\/span><\/strong><br \/>\nDott. Angelo NAVARRA<br \/>\nCell. 347 4071691<\/p>\n<p><strong><span style=\"color: #50ac49;\">PUGLIA<\/span><\/strong> <span style=\"color: #50ac49;\">(anche rivenditore)<\/span><br \/>\nIntini &amp; C s.a.s.<br \/>\nVia Cavalieri del Lavoro &#8211; Z.I.<br \/>\n70017 Putignano (BA)<br \/>\nTel. \/ Fax +39 080 4058081[\/vc_column_text][\/vc_column_inner][\/vc_row_inner]<\/div><\/div><\/li><li class=\"mpc-accordion__item \"><div class=\"mpc-accordion-item__heading mpc-transition mpc-typography--default\"><div data-id=\"mpc_icon-4969d28ee5e2932\" class=\"mpc-icon mpc-init mpc-transition mpc-effect-fade mpc-icon-hover \"><div class=\"mpc-icon-wrap\"><i class=\"mpc-icon-part mpc-regular mpc-transition  eti eti_circle-empty\"><\/i><i class=\"mpc-icon-part mpc-hover mpc-transition  eti eti_circle-slelected\"><\/i><\/div><\/div><h3>NOUS LOCALISER<\/h3><\/div><div class=\"mpc-accordion-item__content mpc-container\" ><div class=\"mpc-accordion-item__wrapper\">[vc_column_text]<strong><span style=\"color: #50ac49;\">ROUTE DE MILANO-GENOVA<\/span><\/strong><\/p>\n<p>En venant de Milano-Genova, il faut prendre la sortie Alessandria Sud puis il faut prendre l\u2019autoroute Sudest\/SS30 direction Acqui Terme. En suite il faut prendre la sortie Oviglio\/Nizza Monferrato, il faut suivre les indications pour Oviglio et passer 2 rond-point et 2 passages \u00e0 niveau.<br \/>\nApr\u00e8s le deuxi\u00e8me passage \u00e0 niveau, il faut tourner \u00e0 gauche (indication Cristo\/Villa del Foro).<br \/>\nNous sommes sur le c\u00f4t\u00e9 droit \u00e0 environ 300 m\u00e8tres de la gare d\u2019Oviglio.<\/p>\n<p><strong><span style=\"color: #50ac49;\">ROUTE DE TORINO<\/span><\/strong><br \/>\nEn venant de Torino, il faut prendre la sortie Felizzano et puis il faut suivre les indications pour Oviglio. Quand on est \u00e0 Oviglio, il faut passer le pont et tourner \u00e0 gauche (direction Alessandria).<br \/>\nNous sommes sur le c\u00f4t\u00e9 droit \u00e0 environ 300 m\u00e8tres de la gare d\u2019Oviglio.[\/vc_column_text]<\/div><\/div><\/li><\/ul><\/div>[vc_row_inner][vc_column_inner alignment=\u00a0\u00bbcenter\u00a0\u00bb css=\u00a0\u00bb.vc_custom_1584440647093{margin-bottom: 20px !important;}\u00a0\u00bb]<a href=\"#modulo\" title=\"\"  data-id=\"mpc_button-9269d28ee5e2c28\" class=\"mpc-button mpc-init mpc-transition mpc-animation mpc-typography--preset_1 \"  data-animation-in=\"transition.slideRightIn||300||0||100\"><div class=\"mpc-button__content mpc-effect-type--none mpc-effect-side--none\"><span class=\"mpc-button__title mpc-transition\">CONSEIL ET ESTIMATIONS \u00bb<\/span><\/div><div class=\"mpc-button__background mpc-transition mpc-effect-type--fade mpc-effect-side--in\"><\/div><\/a>[\/vc_column_inner][\/vc_row_inner][\/vc_column][\/vc_row][vc_row full_width=\u00a0\u00bbstretch_row\u00a0\u00bb enable_first_overlay=\u00a0\u00bbtrue\u00a0\u00bb first_overlay_opacity=\u00a0\u00bb100&Prime; first_background_color=\u00a0\u00bb#edf4e4&Prime; css=\u00a0\u00bb.vc_custom_1584379233975{margin-bottom: 0px !important;padding-bottom: 0px !important;}\u00a0\u00bb][vc_column width=\u00a0\u00bb1\/3&Prime;][vc_cta h2=\u00a0\u00bbOVIGLIO &#8211; ALESSANDRIA\u00a0\u00bb h2_font_container=\u00a0\u00bbfont_size:15px|color:%23898989&Prime; h2_use_theme_fonts=\u00a0\u00bbyes\u00a0\u00bb h4=\u00a0\u00bbBorgo S. Giovanni, 16\/A &#8211; Cap. 15026&Prime; h4_font_container=\u00a0\u00bbfont_size:17px|color:%234a4a4a|line_height:28px\u00a0\u00bb h4_use_theme_fonts=\u00a0\u00bbyes\u00a0\u00bb txt_align=\u00a0\u00bbcenter\u00a0\u00bb shape=\u00a0\u00bbround\u00a0\u00bb style=\u00a0\u00bbcustom\u00a0\u00bb add_icon=\u00a0\u00bbtop\u00a0\u00bb i_type=\u00a0\u00bblinecons\u00a0\u00bb i_icon_linecons=\u00a0\u00bbvc_li vc_li-location\u00a0\u00bb i_color=\u00a0\u00bbcustom\u00a0\u00bb i_size=\u00a0\u00bbxl\u00a0\u00bb use_custom_fonts_h2=\u00a0\u00bbtrue\u00a0\u00bb use_custom_fonts_h4=\u00a0\u00bbtrue\u00a0\u00bb css=\u00a0\u00bb.vc_custom_1584379699230{border-top-width: 0px !important;border-right-width: 0px !important;border-bottom-width: 0px !important;border-left-width: 0px !important;padding-top: 30px !important;background-color: #ffffff !important;}\u00a0\u00bb i_custom_color=\u00a0\u00bb#bed154&Prime;][\/vc_cta][\/vc_column][vc_column width=\u00a0\u00bb1\/3&Prime;][vc_cta h2=\u00a0\u00bbINFOLINE\u00a0\u00bb h2_font_container=\u00a0\u00bbfont_size:15px|color:%23898989&Prime; h2_use_theme_fonts=\u00a0\u00bbyes\u00a0\u00bb h4=\u00a0\u00bb+39 0131 776459&Prime; h4_font_container=\u00a0\u00bbfont_size:17px|color:%234a4a4a|line_height:28px\u00a0\u00bb h4_use_theme_fonts=\u00a0\u00bbyes\u00a0\u00bb txt_align=\u00a0\u00bbcenter\u00a0\u00bb shape=\u00a0\u00bbround\u00a0\u00bb style=\u00a0\u00bbcustom\u00a0\u00bb add_icon=\u00a0\u00bbtop\u00a0\u00bb i_icon_fontawesome=\u00a0\u00bbfa fa-phone\u00a0\u00bb i_color=\u00a0\u00bbcustom\u00a0\u00bb i_size=\u00a0\u00bbxl\u00a0\u00bb use_custom_fonts_h2=\u00a0\u00bbtrue\u00a0\u00bb use_custom_fonts_h4=\u00a0\u00bbtrue\u00a0\u00bb css=\u00a0\u00bb.vc_custom_1584379723313{border-top-width: 0px !important;border-right-width: 0px !important;border-bottom-width: 0px !important;border-left-width: 0px !important;padding-top: 30px !important;background-color: #ffffff !important;}\u00a0\u00bb i_custom_color=\u00a0\u00bb#bed154&Prime;][\/vc_cta][\/vc_column][vc_column width=\u00a0\u00bb1\/3&Prime;][vc_cta h2=\u00a0\u00bbE-MAIL\u00a0\u00bb h2_font_container=\u00a0\u00bbfont_size:15px|color:%23898989&Prime; h2_use_theme_fonts=\u00a0\u00bbyes\u00a0\u00bb h4=\u00a0\u00bbinfo@adagliosementi.com\u00a0\u00bb h4_font_container=\u00a0\u00bbfont_size:17px|color:%234a4a4a|line_height:28px\u00a0\u00bb h4_use_theme_fonts=\u00a0\u00bbyes\u00a0\u00bb txt_align=\u00a0\u00bbcenter\u00a0\u00bb shape=\u00a0\u00bbround\u00a0\u00bb style=\u00a0\u00bbcustom\u00a0\u00bb add_icon=\u00a0\u00bbtop\u00a0\u00bb i_type=\u00a0\u00bblinecons\u00a0\u00bb i_icon_linecons=\u00a0\u00bbvc_li vc_li-mail\u00a0\u00bb i_color=\u00a0\u00bbcustom\u00a0\u00bb i_size=\u00a0\u00bbxl\u00a0\u00bb use_custom_fonts_h2=\u00a0\u00bbtrue\u00a0\u00bb use_custom_fonts_h4=\u00a0\u00bbtrue\u00a0\u00bb css=\u00a0\u00bb.vc_custom_1584379617684{border-top-width: 0px !important;border-right-width: 0px !important;border-bottom-width: 0px !important;border-left-width: 0px !important;padding-top: 30px !important;background-color: #ffffff !important;}\u00a0\u00bb i_custom_color=\u00a0\u00bb#bed154&Prime;][\/vc_cta][\/vc_column][\/vc_row][vc_row first_background_color=\u00a0\u00bb#edf4e4&Prime; css=\u00a0\u00bb.vc_custom_1584379207855{margin-top: 0px !important;margin-bottom: 3vw !important;padding-top: 0px !important;}\u00a0\u00bb el_id=\u00a0\u00bbmodulo\u00a0\u00bb][vc_column width=\u00a0\u00bb1\/4&Prime;][\/vc_column][vc_column width=\u00a0\u00bb1\/2&Prime;][vc_empty_space height=\u00a0\u00bb30px\u00a0\u00bb][\/vc_column][vc_column width=\u00a0\u00bb1\/4&Prime; offset=\u00a0\u00bbvc_hidden-lg vc_hidden-md vc_hidden-sm vc_hidden-xs\u00a0\u00bb][vc_custom_heading text=\u00a0\u00bbPreventivi e richieste\u00a0\u00bb font_container=\u00a0\u00bbtag:h2|font_size:30|text_align:center|line_height:36px\u00a0\u00bb use_theme_fonts=\u00a0\u00bbyes\u00a0\u00bb][\/vc_column][\/vc_row][vc_row full_width=\u00a0\u00bbstretch_row\u00a0\u00bb gap=\u00a0\u00bb20&Prime; enable_first_overlay=\u00a0\u00bbtrue\u00a0\u00bb first_overlay_opacity=\u00a0\u00bb100&Prime; first_background_type=\u00a0\u00bbgradient\u00a0\u00bb first_background_gradient=\u00a0\u00bb#ffffff||#edf4e4||0;100||180||linear\u00a0\u00bb css=\u00a0\u00bb.vc_custom_1584440917899{margin-bottom: 0px !important;padding-bottom: 0px !important;}\u00a0\u00bb][vc_column width=\u00a0\u00bb1\/2&Prime; css=\u00a0\u00bb.vc_custom_1584440851971{padding-bottom: 30px !important;}\u00a0\u00bb][vc_custom_heading text=\u00a0\u00bbEstimations\u00a0\u00bb font_container=\u00a0\u00bbtag:h2|font_size:39|text_align:center|line_height:36px\u00a0\u00bb use_theme_fonts=\u00a0\u00bbyes\u00a0\u00bb][vc_column_text css=\u00a0\u00bb.vc_custom_1594303323098{padding-bottom: 20px !important;}\u00a0\u00bb]<\/p>\n<p style=\"text-align: center;\">Pour toutes demandes et renseignements, n&rsquo;h\u00e9sitez pas \u00e0 nous contacter.<\/p>\n<p>[\/vc_column_text]\n<div class=\"wpcf7 no-js\" id=\"wpcf7-f10803-o1\" lang=\"fr-FR\" dir=\"ltr\" data-wpcf7-id=\"10803\">\n<div class=\"screen-reader-response\"><p role=\"status\" aria-live=\"polite\" aria-atomic=\"true\"><\/p> <ul><\/ul><\/div>\n<form action=\"\/fr\/wp-json\/wp\/v2\/pages\/7842#wpcf7-f10803-o1\" method=\"post\" class=\"wpcf7-form init\" aria-label=\"Formulaire de contact\" novalidate=\"novalidate\" data-status=\"init\">\n<fieldset class=\"hidden-fields-container\"><input type=\"hidden\" name=\"_wpcf7\" value=\"10803\" \/><input type=\"hidden\" name=\"_wpcf7_version\" value=\"6.1.5\" \/><input type=\"hidden\" name=\"_wpcf7_locale\" value=\"fr_FR\" \/><input type=\"hidden\" name=\"_wpcf7_unit_tag\" value=\"wpcf7-f10803-o1\" \/><input type=\"hidden\" name=\"_wpcf7_container_post\" value=\"0\" \/><input type=\"hidden\" name=\"_wpcf7_posted_data_hash\" value=\"\" \/><input type=\"hidden\" name=\"_wpcf7_recaptcha_response\" value=\"\" \/>\n<\/fieldset>\n<div class=\"form-group\">\n\t<p><span class=\"wpcf7-form-control-wrap\" data-name=\"your-name\"><input size=\"40\" maxlength=\"400\" class=\"wpcf7-form-control wpcf7-text wpcf7-validates-as-required\" aria-required=\"true\" aria-invalid=\"false\" placeholder=\"Nom et pr\u00e9nom\" value=\"\" type=\"text\" name=\"your-name\" \/><\/span>\n\t<\/p>\n\t<p><span class=\"wpcf7-form-control-wrap\" data-name=\"your-email\"><input size=\"40\" maxlength=\"400\" class=\"wpcf7-form-control wpcf7-email wpcf7-validates-as-required wpcf7-text wpcf7-validates-as-email\" aria-required=\"true\" aria-invalid=\"false\" placeholder=\"Votre email\" value=\"\" type=\"email\" name=\"your-email\" \/><\/span>\n\t<\/p>\n<\/div>\n<p><span class=\"wpcf7-form-control-wrap\" data-name=\"your-phone\"><input size=\"40\" maxlength=\"400\" class=\"wpcf7-form-control wpcf7-text\" aria-invalid=\"false\" placeholder=\"T\u00e9l\u00e9phone (facultatif)\" value=\"\" type=\"text\" name=\"your-phone\" \/><\/span>\n<\/p>\n<div class=\"form-group\">\n\t<p>Demande <span class=\"wpcf7-form-control-wrap\" data-name=\"tipo-servizio\"><select class=\"wpcf7-form-control wpcf7-select wpcf7-validates-as-required\" aria-required=\"true\" aria-invalid=\"false\" name=\"tipo-servizio\"><option value=\"\">&#8212;Veuillez choisir une option&#8212;<\/option><option value=\"Estimation\">Estimation<\/option><option value=\"Conseil d&#039;achat\">Conseil d&#039;achat<\/option><option value=\"Assistance apr\u00e8s-vente\">Assistance apr\u00e8s-vente<\/option><option value=\"Propositions commerciales\">Propositions commerciales<\/option><option value=\"Autre ...\">Autre ...<\/option><\/select><\/span>\n\t<\/p>\n\t<p>Pays\/Zone: <span class=\"wpcf7-form-control-wrap\" data-name=\"province\"><select class=\"wpcf7-form-control wpcf7-select\" aria-invalid=\"false\" name=\"province\"><option value=\"\">&#8212;Veuillez choisir une option&#8212;<\/option><option value=\"Europe\">Europe<\/option><option value=\"Autre\">Autre<\/option><\/select><\/span>\n\t<\/p>\n<\/div>\n<p style=\"margin-top:25px;margin-top:25px;\"><span class=\"wpcf7-form-control-wrap\" data-name=\"your-message\"><textarea cols=\"40\" rows=\"5\" maxlength=\"2000\" class=\"wpcf7-form-control wpcf7-textarea wpcf7-validates-as-required\" aria-required=\"true\" aria-invalid=\"false\" placeholder=\"Votre message...\" name=\"your-message\"><\/textarea><\/span>\n<\/p>\n<div style=\"font-size:90%; margin-top:10px;margin-bottom:10px;\">\n\t<p><span class=\"wpcf7-form-control-wrap\" data-name=\"promo-news\"><span class=\"wpcf7-form-control wpcf7-radio\"><span class=\"wpcf7-list-item first\"><label><input type=\"radio\" name=\"promo-news\" value=\"Inscription \u00e0 la newsletter\" checked=\"checked\" \/><span class=\"wpcf7-list-item-label\">Inscription \u00e0 la newsletter<\/span><\/label><\/span><span class=\"wpcf7-list-item last\"><label><input type=\"radio\" name=\"promo-news\" value=\"Pas de newsletter\" \/><span class=\"wpcf7-list-item-label\">Pas de newsletter<\/span><\/label><\/span><\/span><\/span>\n\t<\/p>\n<\/div>\n<div style=\"font-size:80%;\">\n\t<p><span class=\"wpcf7-form-control-wrap\" data-name=\"termini-privacy\"><span class=\"wpcf7-form-control wpcf7-acceptance\"><span class=\"wpcf7-list-item\"><input type=\"checkbox\" name=\"termini-privacy\" value=\"1\" aria-invalid=\"false\" \/><\/span><\/span><\/span><br \/>\nJ'ai lu les <a href=\"https:\/\/www.adagliosementi.com\/fr\/privacy-policy-fr\/\" target=\"_blank\" class=\"privacy-link\">conditions<\/a>, je suis d'accord.\n\t<\/p>\n<\/div>\n<div style=\"font-size:75%; margin-bottom:30px;margin-left: 30px; line-height:20px;\">\n\t<p>Site prot\u00e9g\u00e9 par Google reCAPTCHA, ici <a href=\"https:\/\/policies.google.com\/privacy\" target=\"_blank\">politique de confidentialit\u00e9<\/a> et <a href=\"https:\/\/policies.google.com\/terms\" target=\"_blank\">conditions<\/a> appliqu\u00e9es.\n\t<\/p>\n<\/div>\n<p><input class=\"wpcf7-form-control wpcf7-submit has-spinner button_full_width\" type=\"submit\" value=\"ENVOYER MESSAGE\" \/>\n<\/p><div class=\"wpcf7-response-output\" aria-hidden=\"true\"><\/div>\n<\/form>\n<\/div>\n[\/vc_column][vc_column width=\u00a0\u00bb1\/2&Prime;][vc_raw_html]JTNDaWZyYW1lJTIwc3JjJTNEJTIyaHR0cHMlM0ElMkYlMkZ3d3cuZ29vZ2xlLmNvbSUyRm1hcHMlMkZlbWJlZCUzRnBiJTNEJTIxMW0xOCUyMTFtMTIlMjExbTMlMjExZDcyMzk3MC43MzEzNzg1MzY0JTIxMmQ3Ljk0MDYxNDU4MTYzNjMzNCUyMTNkNDQuODYyMDc3NTgxNDM3NzclMjEybTMlMjExZjAlMjEyZjAlMjEzZjAlMjEzbTIlMjExaTEwMjQlMjEyaTc2OCUyMTRmMTMuMSUyMTNtMyUyMTFtMiUyMTFzMHg0Nzg3OWQxZDNlMTczNWE3JTI1M0EweDFjNzRmNzJhYmY3MDZjNDklMjEyc0FkYWdsaW8lMjUyMFNlbWVudGklMjE1ZTAlMjEzbTIlMjExc2l0JTIxMnNpdCUyMTR2MTU4NDM3MDY4OTY4NyUyMTVtMiUyMTFzaXQlMjEyc2l0JTIyJTIwd2lkdGglM0QlMjIxMDAlMjUlMjIlMjBoZWlnaHQlM0QlMjI2MDAlMjIlMjBmcmFtZWJvcmRlciUzRCUyMjAlMjIlMjBzdHlsZSUzRCUyMmJvcmRlciUzQTAlM0IlMjIlMjBhbGxvd2Z1bGxzY3JlZW4lM0QlMjIlMjIlMjBhcmlhLWhpZGRlbiUzRCUyMmZhbHNlJTIyJTIwdGFiaW5kZXglM0QlMjIwJTIyJTNFJTNDJTJGaWZyYW1lJTNF[\/vc_raw_html][\/vc_column][\/vc_row][vc_row full_width=\u00a0\u00bbstretch_row\u00a0\u00bb disable_element=\u00a0\u00bbyes\u00a0\u00bb enable_first_overlay=\u00a0\u00bbtrue\u00a0\u00bb first_overlay_opacity=\u00a0\u00bb50&Prime; first_background_color=\u00a0\u00bb#000000&Prime; enable_parallax=\u00a0\u00bbtrue\u00a0\u00bb parallax_background=\u00a0\u00bb6171&Prime; parallax_style=\u00a0\u00bbfixed\u00a0\u00bb animation_in_type=\u00a0\u00bbtransition.fadeIn\u00a0\u00bb animation_in_offset=\u00a0\u00bb100&Prime; animation_in_duration=\u00a0\u00bb1800&Prime; animation_in_delay=\u00a0\u00bb0&Prime; css=\u00a0\u00bb.vc_custom_1584380389572{margin-top: 0px !important;padding-top: 100px !important;padding-bottom: 100px !important;}\u00a0\u00bb][vc_column alignment=\u00a0\u00bbcenter\u00a0\u00bb][vc_single_image image=\u00a0\u00bb9488&Prime; img_size=\u00a0\u00bblarge\u00a0\u00bb alignment=\u00a0\u00bbcenter\u00a0\u00bb css=\u00a0\u00bb.vc_custom_1582115305290{margin-bottom: 10px !important;}\u00a0\u00bb][vc_row_inner animation_in_type=\u00a0\u00bbtransition.slideDownIn\u00a0\u00bb animation_in_offset=\u00a0\u00bb100&Prime; animation_in_duration=\u00a0\u00bb1600&Prime; animation_in_delay=\u00a0\u00bb200&Prime; css=\u00a0\u00bb.vc_custom_1582115004018{margin-top: 0px !important;margin-bottom: 0px !important;padding-bottom: 0px !important;}\u00a0\u00bb][vc_column_inner css=\u00a0\u00bb.vc_custom_1582115014454{margin-bottom: 0px !important;padding-bottom: 0px !important;}\u00a0\u00bb][vc_column_text css=\u00a0\u00bb.vc_custom_1582114984609{margin-top: 0px !important;margin-bottom: 0px !important;padding-top: 0px !important;padding-bottom: 0px !important;}\u00a0\u00bb]<\/p>\n<h1 style=\"text-align: center; margin-bottom: .5em;\"><span style=\"color: #ffffff;\">UNA LUNGA TRADIZIONE<\/span><\/h1>\n<p>[\/vc_column_text][\/vc_column_inner][\/vc_row_inner]<div id=\"mpc_animated_text-2369d28ee5e4888\" class=\"mpc-animated-text-wrap mpc-typography--preset_0 mpc-init mpc-transition mpc-animation mpc-style--typewrite \"  data-animation-in=\"transition.slideDownIn||1600||800||100\" data-options=\"{&quot;style&quot;:&quot;typewrite&quot;,&quot;duration&quot;:&quot;3350&quot;,&quot;delay&quot;:&quot;3300&quot;,&quot;loop&quot;:false,&quot;dynamic&quot;:false}\"><div class=\"mpc-animated-text\"><div class=\"mpc-animated-text__block\"><span class=\"mpc-animated-text__word\">di amore per la terra!<\/span><\/div><\/div><\/div>[\/vc_column][\/vc_row]<\/p>\n","protected":false},"excerpt":{"rendered":"<p>[vc_row equal_height=\u00a0\u00bbyes\u00a0\u00bb content_placement=\u00a0\u00bbmiddle\u00a0\u00bb css=\u00a0\u00bb.vc_custom_1584440667339{padding-top: 60px !important;padding-bottom: 20px !important;background-position: center !important;background-repeat: no-repeat !important;background-size: contain !important;}\u00a0\u00bb el_class=\u00a0\u00bbreverse-columns\u00a0\u00bb][vc_column css=\u00a0\u00bb.vc_custom_1470217365575{padding-top: 0px !important;}\u00a0\u00bb offset=\u00a0\u00bbvc_col-lg-6 vc_col-md-6&Prime;][vc_single_image image=\u00a0\u00bb7846&Prime; img_size=\u00a0\u00bb700&#215;1050&Prime; onclick=\u00a0\u00bblink_image\u00a0\u00bb][\/vc_column][vc_column css_animation=\u00a0\u00bbfadeInRight\u00a0\u00bb css=\u00a0\u00bb.vc_custom_1582047643203{padding-top:&#8230;<\/p>\n","protected":false},"author":1,"featured_media":10204,"parent":0,"menu_order":0,"comment_status":"closed","ping_status":"closed","template":"","meta":{"footnotes":""},"class_list":["post-7842","page","type-page","status-publish","has-post-thumbnail","hentry"],"_links":{"self":[{"href":"https:\/\/www.adagliosementi.com\/fr\/wp-json\/wp\/v2\/pages\/7842","targetHints":{"allow":["GET"]}}],"collection":[{"href":"https:\/\/www.adagliosementi.com\/fr\/wp-json\/wp\/v2\/pages"}],"about":[{"href":"https:\/\/www.adagliosementi.com\/fr\/wp-json\/wp\/v2\/types\/page"}],"author":[{"embeddable":true,"href":"https:\/\/www.adagliosementi.com\/fr\/wp-json\/wp\/v2\/users\/1"}],"replies":[{"embeddable":true,"href":"https:\/\/www.adagliosementi.com\/fr\/wp-json\/wp\/v2\/comments?post=7842"}],"version-history":[{"count":20,"href":"https:\/\/www.adagliosementi.com\/fr\/wp-json\/wp\/v2\/pages\/7842\/revisions"}],"predecessor-version":[{"id":10981,"href":"https:\/\/www.adagliosementi.com\/fr\/wp-json\/wp\/v2\/pages\/7842\/revisions\/10981"}],"wp:featuredmedia":[{"embeddable":true,"href":"https:\/\/www.adagliosementi.com\/fr\/wp-json\/wp\/v2\/media\/10204"}],"wp:attachment":[{"href":"https:\/\/www.adagliosementi.com\/fr\/wp-json\/wp\/v2\/media?parent=7842"}],"curies":[{"name":"wp","href":"https:\/\/api.w.org\/{rel}","templated":true}]}}